{"id":9728,"date":"2022-12-14T18:48:48","date_gmt":"2022-12-14T18:48:48","guid":{"rendered":"https:\/\/organ.kalvaria.eu\/home\/"},"modified":"2024-12-11T01:44:55","modified_gmt":"2024-12-11T00:44:55","slug":"home","status":"publish","type":"page","link":"https:\/\/organ.kalvaria.eu\/","title":{"rendered":"Home"},"content":{"rendered":"\t\t<div data-elementor-type=\"wp-page\" data-elementor-id=\"9728\" class=\"elementor elementor-9728\" data-elementor-post-type=\"page\">\n\t\t\t\t<div class=\"elementor-element elementor-element-dc8e57a e-con-full e-flex e-con e-parent\" data-id=\"dc8e57a\" data-element_type=\"container\">\n\t\t\t\t<div class=\"elementor-element elementor-element-f2e33be elementor-widget elementor-widget-template\" data-id=\"f2e33be\" data-element_type=\"widget\" data-widget_type=\"template.default\">\n\t\t\t\t<div class=\"elementor-widget-container\">\n\t\t\t\t\t<div class=\"elementor-template\">\n\t\t\t\t\t<div data-elementor-type=\"container\" data-elementor-id=\"18293\" class=\"elementor elementor-18293\" data-elementor-post-type=\"elementor_library\">\n\t\t\t\t<div class=\"elementor-element elementor-element-23134c68 e-con-full elementor-hidden-tablet_extra elementor-hidden-tablet elementor-hidden-mobile e-flex e-con e-child\" data-id=\"23134c68\" data-element_type=\"container\">\n\t\t\t\t<div class=\"elementor-element elementor-element-39e93034 elementor-invisible elementor-widget elementor-widget-the7-heading\" data-id=\"39e93034\" data-element_type=\"widget\" data-settings=\"{&quot;_animation&quot;:&quot;fadeIn&quot;,&quot;_animation_delay&quot;:2000}\" data-widget_type=\"the7-heading.default\">\n\t\t\t\t<div class=\"elementor-widget-container\">\n\t\t\t<div class=\"the7-heading-title elementor-size-default\">Global Side Menu\nWidth Placeholder<\/div>\t\t<\/div>\n\t\t\t\t<\/div>\n\t\t\t\t<\/div>\n\t\t\t\t<\/div>\n\t\t\t\t<\/div>\n\t\t\t\t<\/div>\n\t\t\t\t<\/div>\n\t\t<div class=\"elementor-element elementor-element-db4709e e-con-full e-flex e-con e-child\" data-id=\"db4709e\" data-element_type=\"container\" data-settings=\"{&quot;background_background&quot;:&quot;classic&quot;}\">\n\t\t\t\t<div class=\"elementor-element elementor-element-84e7bdd elementor-widget-the7-slider-common owl-carousel elementor-widget-loop-the7-slider elementor-widget elementor-widget-the7-slider\" data-id=\"84e7bdd\" data-element_type=\"widget\" data-settings=\"{&quot;transition_speed&quot;:600,&quot;arrows&quot;:&quot;never&quot;,&quot;bullets&quot;:&quot;hide&quot;,&quot;transition&quot;:&quot;slide&quot;,&quot;slides_to_scroll&quot;:&quot;single&quot;,&quot;slides_per_view&quot;:&quot;1&quot;,&quot;slides_gap&quot;:{&quot;unit&quot;:&quot;px&quot;,&quot;size&quot;:0,&quot;sizes&quot;:[]},&quot;slides_gap_widescreen&quot;:{&quot;unit&quot;:&quot;px&quot;,&quot;size&quot;:&quot;&quot;,&quot;sizes&quot;:[]},&quot;slides_gap_laptop&quot;:{&quot;unit&quot;:&quot;px&quot;,&quot;size&quot;:&quot;&quot;,&quot;sizes&quot;:[]},&quot;slides_gap_tablet_extra&quot;:{&quot;unit&quot;:&quot;px&quot;,&quot;size&quot;:&quot;&quot;,&quot;sizes&quot;:[]},&quot;slides_gap_tablet&quot;:{&quot;unit&quot;:&quot;px&quot;,&quot;size&quot;:&quot;&quot;,&quot;sizes&quot;:[]},&quot;slides_gap_mobile&quot;:{&quot;unit&quot;:&quot;px&quot;,&quot;size&quot;:&quot;&quot;,&quot;sizes&quot;:[]}}\" data-widget_type=\"the7-slider.default\">\n\t\t\t\t<div class=\"elementor-widget-container\">\n\t\t\t        <div class=\"elementor-swiper\">\n            <div class=\"elementor-slides-wrapper elementor-main-swiper swiper\">\n                <div class=\"swiper-wrapper the7-elementor-slides\">\n\t\t\t\t\t            <div class=\"elementor-repeater-item-d0aaf44 the7-swiper-slide\">\n                <div class=\"the7-swiper-slide-inner\">\n\t\t\t\t\t        <div data-elementor-type=\"the7-slider\" data-elementor-id=\"9740\" class=\"elementor elementor-9740 the7-slide-content\" data-elementor-post-type=\"elementor_library\">\n            <div class=\"elementor-section-wrap\">\n\t\t\t\t<div class=\"elementor-element elementor-element-709b7da e-con-full e-flex e-con e-parent\" data-id=\"709b7da\" data-element_type=\"container\" data-settings=\"{&quot;background_background&quot;:&quot;classic&quot;}\">\n\t\t<div class=\"elementor-element elementor-element-a5131f2 e-con-full animated-fast e-flex elementor-invisible e-con e-child\" data-id=\"a5131f2\" data-element_type=\"container\" data-settings=\"{&quot;animation&quot;:&quot;fadeInUp&quot;,&quot;animation_tablet_extra&quot;:&quot;fadeInUp&quot;,&quot;animation_delay&quot;:50}\">\n\t\t\t\t<div class=\"elementor-element elementor-element-6dcd206 elementor-widget-tablet__width-inherit elementor-widget elementor-widget-the7-heading\" data-id=\"6dcd206\" data-element_type=\"widget\" data-widget_type=\"the7-heading.default\">\n\t\t\t\t<div class=\"elementor-widget-container\">\n\t\t\t<div class=\"the7-heading-title elementor-size-default\">Adoptuj si konkr\u00e9tnu p\u00ed\u0161\u0165alu na p\u00e1r kliknut\u00ed !<\/div>\t\t<\/div>\n\t\t\t\t<\/div>\n\t\t\t\t<div class=\"elementor-element elementor-element-80401e2 elementor-hidden-tablet elementor-hidden-mobile elementor-widget elementor-widget-text-editor\" data-id=\"80401e2\" data-element_type=\"widget\" data-widget_type=\"text-editor.default\">\n\t\t\t\t<div class=\"elementor-widget-container\">\n\t\t\t\t\t\t\t<p><strong>Obnova nitrianskej Kalv\u00e1rie vrchol\u00ed a bodkou za kr\u00e1snym dielom bude nov\u00fd organ.<\/strong><\/p><p><br \/>Za prv\u00e9 mesiace zbierky sa n\u00e1m podarilo vyzbiera\u0165 nie\u010do cez 35 tis\u00edc euro. Je to v\u0161ak iba desatina toho, \u010do bude st\u00e1\u0165 nov\u00fd organ. Preto V\u00e1s poz\u00fdvam k adopcii jednotliv\u00fdch p\u00ed\u0161\u0165al, lebo pr\u00e1ve tak sa vysklad\u00e1me na hudobn\u00fd n\u00e1stroj, ktor\u00fd bude desa\u0165ro\u010dia sl\u00fa\u017ei\u0165 n\u00e1m i gener\u00e1ciam po n\u00e1s na doprovod liturgie a tie\u017e na koncerty organovej hudby. Webov\u00e1 str\u00e1nka je pripraven\u00e1 tak, \u017ee si m\u00f4\u017eete zvoli\u0165 manu\u00e1l a konkr\u00e9nu p\u00ed\u0161\u0165alu. Ak si chcete adoptova\u0165 viacero, je mo\u017en\u00e9 aj to.<\/p><p><br \/><strong>Vopred \u010fakujeme za Va\u0161u ve\u013ekorysos\u0165!<\/strong><\/p>\t\t\t\t\t\t<\/div>\n\t\t\t\t<\/div>\n\t\t\t\t<\/div>\n\t\t<div class=\"elementor-element elementor-element-1c72f07 e-flex e-con-boxed e-con e-child\" data-id=\"1c72f07\" data-element_type=\"container\">\n\t\t\t\t\t<div class=\"e-con-inner\">\n\t\t\t\t<div class=\"elementor-element elementor-element-108ff01 icon-box-vertical-align-center content-align-left icon-vertical-align-start elementor-widget elementor-widget-the7_image_box_grid_widget\" data-id=\"108ff01\" data-element_type=\"widget\" data-widget_type=\"the7_image_box_grid_widget.default\">\n\t\t\t\t<div class=\"elementor-widget-container\">\n\t\t\t<div class=\"the7-box-grid-wrapper the7-elementor-widget loading-effect-none the7_image_box_grid_widget-108ff01\"><h3 class=\"rp-heading\">Vyberte si stroj<\/h3>\t\t\t<div class=\"dt-css-grid\">\n\t\t\t\t\t\t\t\t\t<div class=\"wf-cell shown\">\n\t\t\t\t\t\t<div class=\"the7-image-box-wrapper the7-box-wrapper the7-elementor-widget\">\t\t\t\t\t\t\t<div class=\"box-content-wrapper\">\n\n\t\t\t\t\t\t\t\t\t\t\t\t\t\t\t\t\t<div class=\"elementor-image-div \">\n\t\t\t\t\t\t\t\t\t\t<a class=\"post-thumbnail-rollover layzr-bg img-css-resize-wrapper\" href=\"https:\/\/organ.kalvaria.eu\/?product_cat=manual-hw\"><img decoding=\"async\" width=\"150\" height=\"150\" src=\"data:image\/svg+xml,%3Csvg%20xmlns%3D&#039;http%3A%2F%2Fwww.w3.org%2F2000%2Fsvg&#039;%20viewBox%3D&#039;0%200%20150%20150&#039;%2F%3E\" class=\"attachment-thumbnail size-thumbnail preload-me aspect lazy lazy-load\" alt=\"\" sizes=\"(max-width: 150px) 100vw, 150px\" style=\"--ratio: 150 \/ 150;\" data-src=\"https:\/\/organ.kalvaria.eu\/wp-content\/uploads\/2024\/05\/organ-7103541_1920-150x150.jpg\" loading=\"eager\" data-srcset=\"https:\/\/organ.kalvaria.eu\/wp-content\/uploads\/2024\/05\/organ-7103541_1920-150x150.jpg 150w, https:\/\/organ.kalvaria.eu\/wp-content\/uploads\/2024\/05\/organ-7103541_1920-200x200.jpg 200w\" \/><\/a>\t\t\t\t\t\t\t\t\t<\/div>\n\t\t\t\t\t\t\t\t\t\t\t\t\t\t\t\t<div class=\"box-content\">\n\t\t\t\t\t\t\t\t\t<h4 class=\"box-heading\"><a href=\"https:\/\/organ.kalvaria.eu\/?product_cat=manual-hw\">MANUAL - HW<\/a><\/h4><a href=\"https:\/\/organ.kalvaria.eu\/?product_cat=manual-hw\" class=\"box-button elementor-button elementor-size-xs\">Adoptova\u0165<\/a>\t\t\t\t\t\t\t\t<\/div>\n\t\t\t\t\t\t\t<\/div>\n\t\t\t\t\t\t<\/div>\t\t\t\t\t<\/div>\n\t\t\t\t\t\t\t\t\t\t<div class=\"wf-cell shown\">\n\t\t\t\t\t\t<div class=\"the7-image-box-wrapper the7-box-wrapper the7-elementor-widget\">\t\t\t\t\t\t\t<div class=\"box-content-wrapper\">\n\n\t\t\t\t\t\t\t\t\t\t\t\t\t\t\t\t\t<div class=\"elementor-image-div \">\n\t\t\t\t\t\t\t\t\t\t<a class=\"post-thumbnail-rollover layzr-bg img-css-resize-wrapper\" href=\"https:\/\/organ.kalvaria.eu\/?product_cat=manual-pos\"><img decoding=\"async\" width=\"150\" height=\"150\" src=\"data:image\/svg+xml,%3Csvg%20xmlns%3D&#039;http%3A%2F%2Fwww.w3.org%2F2000%2Fsvg&#039;%20viewBox%3D&#039;0%200%20150%20150&#039;%2F%3E\" class=\"attachment-thumbnail size-thumbnail preload-me aspect lazy lazy-load\" alt=\"\" sizes=\"(max-width: 150px) 100vw, 150px\" style=\"--ratio: 150 \/ 150;\" data-src=\"https:\/\/organ.kalvaria.eu\/wp-content\/uploads\/2024\/05\/organ-3849027_1920-150x150.jpg\" loading=\"eager\" data-srcset=\"https:\/\/organ.kalvaria.eu\/wp-content\/uploads\/2024\/05\/organ-3849027_1920-150x150.jpg 150w, https:\/\/organ.kalvaria.eu\/wp-content\/uploads\/2024\/05\/organ-3849027_1920-200x200.jpg 200w\" \/><\/a>\t\t\t\t\t\t\t\t\t<\/div>\n\t\t\t\t\t\t\t\t\t\t\t\t\t\t\t\t<div class=\"box-content\">\n\t\t\t\t\t\t\t\t\t<h4 class=\"box-heading\"><a href=\"https:\/\/organ.kalvaria.eu\/?product_cat=manual-pos\">MANUAL - POS<\/a><\/h4><a href=\"https:\/\/organ.kalvaria.eu\/?product_cat=manual-pos\" class=\"box-button elementor-button elementor-size-xs\">Adoptova\u0165<\/a>\t\t\t\t\t\t\t\t<\/div>\n\t\t\t\t\t\t\t<\/div>\n\t\t\t\t\t\t<\/div>\t\t\t\t\t<\/div>\n\t\t\t\t\t\t\t\t\t\t<div class=\"wf-cell shown\">\n\t\t\t\t\t\t<div class=\"the7-image-box-wrapper the7-box-wrapper the7-elementor-widget\">\t\t\t\t\t\t\t<div class=\"box-content-wrapper\">\n\n\t\t\t\t\t\t\t\t\t\t\t\t\t\t\t\t\t<div class=\"elementor-image-div \">\n\t\t\t\t\t\t\t\t\t\t<a class=\"post-thumbnail-rollover layzr-bg img-css-resize-wrapper\" href=\"https:\/\/organ.kalvaria.eu\/?product_cat=pedal\"><img decoding=\"async\" width=\"150\" height=\"150\" src=\"data:image\/svg+xml,%3Csvg%20xmlns%3D&#039;http%3A%2F%2Fwww.w3.org%2F2000%2Fsvg&#039;%20viewBox%3D&#039;0%200%20150%20150&#039;%2F%3E\" class=\"attachment-thumbnail size-thumbnail preload-me aspect lazy lazy-load\" alt=\"\" sizes=\"(max-width: 150px) 100vw, 150px\" style=\"--ratio: 150 \/ 150;\" data-src=\"https:\/\/organ.kalvaria.eu\/wp-content\/uploads\/2024\/05\/istockphoto-525983318-612x612-1-150x150.jpg\" loading=\"eager\" data-srcset=\"https:\/\/organ.kalvaria.eu\/wp-content\/uploads\/2024\/05\/istockphoto-525983318-612x612-1-150x150.jpg 150w, https:\/\/organ.kalvaria.eu\/wp-content\/uploads\/2024\/05\/istockphoto-525983318-612x612-1-200x200.jpg 200w\" \/><\/a>\t\t\t\t\t\t\t\t\t<\/div>\n\t\t\t\t\t\t\t\t\t\t\t\t\t\t\t\t<div class=\"box-content\">\n\t\t\t\t\t\t\t\t\t<h4 class=\"box-heading\"><a href=\"https:\/\/organ.kalvaria.eu\/?product_cat=pedal\"><br>PEDAL<\/a><\/h4><a href=\"https:\/\/organ.kalvaria.eu\/?product_cat=pedal\" class=\"box-button elementor-button elementor-size-xs\">Adoptova\u0165<\/a>\t\t\t\t\t\t\t\t<\/div>\n\t\t\t\t\t\t\t<\/div>\n\t\t\t\t\t\t<\/div>\t\t\t\t\t<\/div>\n\t\t\t\t\t\t\t\t<\/div>\n\t\t\t<\/div>\t\t<\/div>\n\t\t\t\t<\/div>\n\t\t\t\t\t<\/div>\n\t\t\t\t<\/div>\n\t\t\t\t<\/div>\n\t\t            <\/div>\n        <\/div>\n\t\t                <\/div>\n            <\/div>\n\t\t\t                <\/div>\n\t\t\t\t\t<div class=\"swiper-pagination owl-dots bullets-fill-in\"><\/div>        <div class=\"the7-swiper-button the7-swiper-button-prev elementor-icon\">\n\t\t\t<svg xmlns=\"http:\/\/www.w3.org\/2000\/svg\" width=\"56\" height=\"56\" fill=\"#000000\" viewBox=\"0 0 256 256\"><path d=\"M168.49,199.51a12,12,0,0,1-17,17l-80-80a12,12,0,0,1,0-17l80-80a12,12,0,0,1,17,17L97,128Z\"><\/path><\/svg>        <\/div>\n        <div class=\"the7-swiper-button the7-swiper-button-next elementor-icon\">\n\t\t\t<svg xmlns=\"http:\/\/www.w3.org\/2000\/svg\" width=\"56\" height=\"56\" fill=\"#000000\" viewBox=\"0 0 256 256\"><path d=\"M184.49,136.49l-80,80a12,12,0,0,1-17-17L159,128,87.51,56.49a12,12,0,1,1,17-17l80,80A12,12,0,0,1,184.49,136.49Z\"><\/path><\/svg>        <\/div>\n\t\t            <\/div>\n        <\/div>\n\t\t\t\t<\/div>\n\t\t\t\t<\/div>\n\t\t\t\t<\/div>\n\t\t\t\t<\/div>\n\t\t<div class=\"elementor-element elementor-element-f7e81ca e-flex e-con-boxed e-con e-parent\" data-id=\"f7e81ca\" data-element_type=\"container\">\n\t\t\t\t\t<div class=\"e-con-inner\">\n\t\t\t\t<div class=\"elementor-element elementor-element-b4cd688 elementor-hidden-widescreen elementor-hidden-desktop elementor-hidden-laptop elementor-hidden-tablet_extra elementor-widget elementor-widget-text-editor\" data-id=\"b4cd688\" data-element_type=\"widget\" data-widget_type=\"text-editor.default\">\n\t\t\t\t<div class=\"elementor-widget-container\">\n\t\t\t\t\t\t\t<p><strong>Obnova nitrianskej Kalv\u00e1rie vrchol\u00ed a bodkou za kr\u00e1snym dielom bude nov\u00fd organ.<\/strong><\/p><p><br \/>Za prv\u00e9 mesiace zbierky sa n\u00e1m podarilo vyzbiera\u0165 nie\u010do cez 35 tis\u00edc euro. Je to v\u0161ak iba desatina toho, \u010do bude st\u00e1\u0165 nov\u00fd organ. Preto V\u00e1s poz\u00fdvam k adopcii jednotliv\u00fdch p\u00ed\u0161\u0165al, lebo pr\u00e1ve tak sa vysklad\u00e1me na hudobn\u00fd n\u00e1stroj, ktor\u00fd bude desa\u0165ro\u010dia sl\u00fa\u017ei\u0165 n\u00e1m i gener\u00e1ciam po n\u00e1s na doprovod liturgie a tie\u017e na koncerty organovej hudby. Webov\u00e1 str\u00e1nka je pripraven\u00e1 tak, \u017ee si m\u00f4\u017eete zvoli\u0165 manu\u00e1l a konkr\u00e9nu p\u00ed\u0161\u0165alu. Ak si chcete adoptova\u0165 viacero, je mo\u017en\u00e9 aj to.<\/p><p><br \/><strong>Vopred \u010fakujeme za Va\u0161u ve\u013ekorysos\u0165!<\/strong><\/p>\t\t\t\t\t\t<\/div>\n\t\t\t\t<\/div>\n\t\t\t\t\t<\/div>\n\t\t\t\t<\/div>\n\t\t\t\t<\/div>\n\t\t","protected":false},"excerpt":{"rendered":"<p>Adoptuj si konkr\u00e9tnu p\u00ed\u0161\u0165alu na p\u00e1r kliknut\u00ed ! Obnova nitrianskej Kalv\u00e1rie vrchol\u00ed a bodkou za kr\u00e1snym dielom bude nov\u00fd organ. Za prv\u00e9 mesiace zbierky sa n\u00e1m podarilo vyzbiera\u0165 nie\u010do cez 35 tis\u00edc euro. Je to v\u0161ak iba desatina toho, \u010do bude st\u00e1\u0165 nov\u00fd organ. Preto V\u00e1s poz\u00fdvam k adopcii jednotliv\u00fdch p\u00ed\u0161\u0165al, lebo pr\u00e1ve tak sa&hellip;<\/p>\n","protected":false},"author":1,"featured_media":0,"parent":0,"menu_order":1,"comment_status":"closed","ping_status":"closed","template":"elementor_header_footer","meta":{"_monsterinsights_skip_tracking":false,"_monsterinsights_sitenote_active":false,"_monsterinsights_sitenote_note":"","_monsterinsights_sitenote_category":0,"footnotes":""},"class_list":["post-9728","page","type-page","status-publish","hentry"],"yoast_head":"<!-- This site is optimized with the Yoast SEO plugin v23.8 - https:\/\/yoast.com\/wordpress\/plugins\/seo\/ -->\n<title>Home - Rozozvu\u010dme Kalv\u00e1riu<\/title>\n<meta name=\"robots\" content=\"index, follow, max-snippet:-1, max-image-preview:large, max-video-preview:-1\" \/>\n<link rel=\"canonical\" href=\"https:\/\/organ.kalvaria.eu\/\" \/>\n<meta property=\"og:locale\" content=\"sk_SK\" \/>\n<meta property=\"og:type\" content=\"article\" \/>\n<meta property=\"og:title\" content=\"Home - Rozozvu\u010dme Kalv\u00e1riu\" \/>\n<meta property=\"og:description\" content=\"Adoptuj si konkr\u00e9tnu p\u00ed\u0161\u0165alu na p\u00e1r kliknut\u00ed ! Obnova nitrianskej Kalv\u00e1rie vrchol\u00ed a bodkou za kr\u00e1snym dielom bude nov\u00fd organ. Za prv\u00e9 mesiace zbierky sa n\u00e1m podarilo vyzbiera\u0165 nie\u010do cez 35 tis\u00edc euro. Je to v\u0161ak iba desatina toho, \u010do bude st\u00e1\u0165 nov\u00fd organ. Preto V\u00e1s poz\u00fdvam k adopcii jednotliv\u00fdch p\u00ed\u0161\u0165al, lebo pr\u00e1ve tak sa&hellip;\" \/>\n<meta property=\"og:url\" content=\"https:\/\/organ.kalvaria.eu\/\" \/>\n<meta property=\"og:site_name\" content=\"Rozozvu\u010dme Kalv\u00e1riu\" \/>\n<meta property=\"article:modified_time\" content=\"2024-12-11T00:44:55+00:00\" \/>\n<meta name=\"twitter:card\" content=\"summary_large_image\" \/>\n<meta name=\"twitter:label1\" content=\"Predpokladan\u00fd \u010das \u010d\u00edtania\" \/>\n\t<meta name=\"twitter:data1\" content=\"4 min\u00faty\" \/>\n<script type=\"application\/ld+json\" class=\"yoast-schema-graph\">{\"@context\":\"https:\/\/schema.org\",\"@graph\":[{\"@type\":\"WebPage\",\"@id\":\"https:\/\/organ.kalvaria.eu\/\",\"url\":\"https:\/\/organ.kalvaria.eu\/\",\"name\":\"Home - Rozozvu\u010dme Kalv\u00e1riu\",\"isPartOf\":{\"@id\":\"https:\/\/organ.kalvaria.eu\/#website\"},\"datePublished\":\"2022-12-14T18:48:48+00:00\",\"dateModified\":\"2024-12-11T00:44:55+00:00\",\"breadcrumb\":{\"@id\":\"https:\/\/organ.kalvaria.eu\/#breadcrumb\"},\"inLanguage\":\"sk-SK\",\"potentialAction\":[{\"@type\":\"ReadAction\",\"target\":[\"https:\/\/organ.kalvaria.eu\/\"]}]},{\"@type\":\"BreadcrumbList\",\"@id\":\"https:\/\/organ.kalvaria.eu\/#breadcrumb\",\"itemListElement\":[{\"@type\":\"ListItem\",\"position\":1,\"name\":\"Home\",\"item\":\"https:\/\/organ.kalvaria.eu\/\"},{\"@type\":\"ListItem\",\"position\":2,\"name\":\"Home\"}]},{\"@type\":\"WebSite\",\"@id\":\"https:\/\/organ.kalvaria.eu\/#website\",\"url\":\"https:\/\/organ.kalvaria.eu\/\",\"name\":\"Rozozvu\u010dme Kalv\u00e1riu\",\"description\":\"\",\"publisher\":{\"@id\":\"https:\/\/organ.kalvaria.eu\/#organization\"},\"potentialAction\":[{\"@type\":\"SearchAction\",\"target\":{\"@type\":\"EntryPoint\",\"urlTemplate\":\"https:\/\/organ.kalvaria.eu\/?s={search_term_string}\"},\"query-input\":{\"@type\":\"PropertyValueSpecification\",\"valueRequired\":true,\"valueName\":\"search_term_string\"}}],\"inLanguage\":\"sk-SK\"},{\"@type\":\"Organization\",\"@id\":\"https:\/\/organ.kalvaria.eu\/#organization\",\"name\":\"Rozozvu\u010dme Kalv\u00e1riu\",\"url\":\"https:\/\/organ.kalvaria.eu\/\",\"logo\":{\"@type\":\"ImageObject\",\"inLanguage\":\"sk-SK\",\"@id\":\"https:\/\/organ.kalvaria.eu\/#\/schema\/logo\/image\/\",\"url\":\"https:\/\/organ.kalvaria.eu\/wp-content\/uploads\/2024\/05\/logo-simple-7-01.svg\",\"contentUrl\":\"https:\/\/organ.kalvaria.eu\/wp-content\/uploads\/2024\/05\/logo-simple-7-01.svg\",\"width\":246,\"height\":50,\"caption\":\"Rozozvu\u010dme Kalv\u00e1riu\"},\"image\":{\"@id\":\"https:\/\/organ.kalvaria.eu\/#\/schema\/logo\/image\/\"}}]}<\/script>\n<!-- \/ Yoast SEO plugin. -->","yoast_head_json":{"title":"Home - Rozozvu\u010dme Kalv\u00e1riu","robots":{"index":"index","follow":"follow","max-snippet":"max-snippet:-1","max-image-preview":"max-image-preview:large","max-video-preview":"max-video-preview:-1"},"canonical":"https:\/\/organ.kalvaria.eu\/","og_locale":"sk_SK","og_type":"article","og_title":"Home - Rozozvu\u010dme Kalv\u00e1riu","og_description":"Adoptuj si konkr\u00e9tnu p\u00ed\u0161\u0165alu na p\u00e1r kliknut\u00ed ! Obnova nitrianskej Kalv\u00e1rie vrchol\u00ed a bodkou za kr\u00e1snym dielom bude nov\u00fd organ. Za prv\u00e9 mesiace zbierky sa n\u00e1m podarilo vyzbiera\u0165 nie\u010do cez 35 tis\u00edc euro. Je to v\u0161ak iba desatina toho, \u010do bude st\u00e1\u0165 nov\u00fd organ. Preto V\u00e1s poz\u00fdvam k adopcii jednotliv\u00fdch p\u00ed\u0161\u0165al, lebo pr\u00e1ve tak sa&hellip;","og_url":"https:\/\/organ.kalvaria.eu\/","og_site_name":"Rozozvu\u010dme Kalv\u00e1riu","article_modified_time":"2024-12-11T00:44:55+00:00","twitter_card":"summary_large_image","twitter_misc":{"Predpokladan\u00fd \u010das \u010d\u00edtania":"4 min\u00faty"},"schema":{"@context":"https:\/\/schema.org","@graph":[{"@type":"WebPage","@id":"https:\/\/organ.kalvaria.eu\/","url":"https:\/\/organ.kalvaria.eu\/","name":"Home - Rozozvu\u010dme Kalv\u00e1riu","isPartOf":{"@id":"https:\/\/organ.kalvaria.eu\/#website"},"datePublished":"2022-12-14T18:48:48+00:00","dateModified":"2024-12-11T00:44:55+00:00","breadcrumb":{"@id":"https:\/\/organ.kalvaria.eu\/#breadcrumb"},"inLanguage":"sk-SK","potentialAction":[{"@type":"ReadAction","target":["https:\/\/organ.kalvaria.eu\/"]}]},{"@type":"BreadcrumbList","@id":"https:\/\/organ.kalvaria.eu\/#breadcrumb","itemListElement":[{"@type":"ListItem","position":1,"name":"Home","item":"https:\/\/organ.kalvaria.eu\/"},{"@type":"ListItem","position":2,"name":"Home"}]},{"@type":"WebSite","@id":"https:\/\/organ.kalvaria.eu\/#website","url":"https:\/\/organ.kalvaria.eu\/","name":"Rozozvu\u010dme Kalv\u00e1riu","description":"","publisher":{"@id":"https:\/\/organ.kalvaria.eu\/#organization"},"potentialAction":[{"@type":"SearchAction","target":{"@type":"EntryPoint","urlTemplate":"https:\/\/organ.kalvaria.eu\/?s={search_term_string}"},"query-input":{"@type":"PropertyValueSpecification","valueRequired":true,"valueName":"search_term_string"}}],"inLanguage":"sk-SK"},{"@type":"Organization","@id":"https:\/\/organ.kalvaria.eu\/#organization","name":"Rozozvu\u010dme Kalv\u00e1riu","url":"https:\/\/organ.kalvaria.eu\/","logo":{"@type":"ImageObject","inLanguage":"sk-SK","@id":"https:\/\/organ.kalvaria.eu\/#\/schema\/logo\/image\/","url":"https:\/\/organ.kalvaria.eu\/wp-content\/uploads\/2024\/05\/logo-simple-7-01.svg","contentUrl":"https:\/\/organ.kalvaria.eu\/wp-content\/uploads\/2024\/05\/logo-simple-7-01.svg","width":246,"height":50,"caption":"Rozozvu\u010dme Kalv\u00e1riu"},"image":{"@id":"https:\/\/organ.kalvaria.eu\/#\/schema\/logo\/image\/"}}]}},"_links":{"self":[{"href":"https:\/\/organ.kalvaria.eu\/index.php?rest_route=\/wp\/v2\/pages\/9728"}],"collection":[{"href":"https:\/\/organ.kalvaria.eu\/index.php?rest_route=\/wp\/v2\/pages"}],"about":[{"href":"https:\/\/organ.kalvaria.eu\/index.php?rest_route=\/wp\/v2\/types\/page"}],"author":[{"embeddable":true,"href":"https:\/\/organ.kalvaria.eu\/index.php?rest_route=\/wp\/v2\/users\/1"}],"replies":[{"embeddable":true,"href":"https:\/\/organ.kalvaria.eu\/index.php?rest_route=%2Fwp%2Fv2%2Fcomments&post=9728"}],"version-history":[{"count":6,"href":"https:\/\/organ.kalvaria.eu\/index.php?rest_route=\/wp\/v2\/pages\/9728\/revisions"}],"predecessor-version":[{"id":26187,"href":"https:\/\/organ.kalvaria.eu\/index.php?rest_route=\/wp\/v2\/pages\/9728\/revisions\/26187"}],"wp:attachment":[{"href":"https:\/\/organ.kalvaria.eu\/index.php?rest_route=%2Fwp%2Fv2%2Fmedia&parent=9728"}],"curies":[{"name":"wp","href":"https:\/\/api.w.org\/{rel}","templated":true}]}}